{"id":1022,"date":"2022-03-12T18:41:02","date_gmt":"2022-03-12T17:41:02","guid":{"rendered":"http:\/\/myriamy.cluster030.hosting.ovh.net\/myriambenoliel\/?page_id=1022"},"modified":"2022-04-07T16:26:55","modified_gmt":"2022-04-07T14:26:55","slug":"the-gallery-period-3","status":"publish","type":"page","link":"http:\/\/myriambenoliel.com\/index.php\/the-gallery-period-3\/","title":{"rendered":"The gallery &#8211; Period 3"},"content":{"rendered":"<div  data-label=\"Features\" data-id=\"features--1\" data-export-id=\"features-13\" data-category=\"features\" class=\"features-13 content-section content-section-spacing\" id=\"features-1\" style=\"background-color: rgb(255, 255, 255); background-image: none;\"><div  class=\"gridContainer\"> <div  class=\"row text-center\"><div  class=\"section-title-col\" data-type=\"column\">  <\/div> <\/div> <div  class=\"row spaced-cols center-sm\" data-type=\"row\"> <div  class=\"col col-sm-6 col-md-3 space-bottom\">  <h4  class=\"\">Period 1<\/h4> <p  class=\"\">La t\u00eate dans les \u00e9toiles<\/p> <a class=\"button y-move small color3 square\" href=\"http:\/\/myriambenoliel.com\/index.php\/the-gallery-period-3\/the-gallery\" target=\"_self\" data-cp-link=\"1\" data-icon=\"\" rel=\"noopener noreferrer\">Discover<\/a><\/div> <div  class=\"col col-sm-6 col-md-3 space-bottom\"> <h4  class=\"\">Period 2<\/h4> <p  class=\"\">Conscience<\/p> <a class=\"button y-move small color3 square\" href=\"http:\/\/myriambenoliel.com\/index.php\/the-gallery-period-3\/the-gallery-period-2\" target=\"_self\" data-cp-link=\"1\" data-icon=\"\" rel=\"noopener noreferrer\">Discover<\/a><\/div> <div  class=\"col col-sm-6 col-md-3 space-bottom\"> <h4  class=\"\"><span  style=\"font-weight: 700; color: rgb(1, 155, 152);\">&nbsp;\u2013 Period 3 \u2013<\/span><\/h4> <p  class=\"\"><span  style=\"color: rgb(1, 155, 152); font-weight: 600;\">Sound<\/span><\/p> <a class=\"button y-move small color3 square\" href=\"http:\/\/myriambenoliel.com\/index.php\/the-gallery-period-3\/the-gallery-period-3\" target=\"_self\" data-cp-link=\"1\" data-icon=\"\" rel=\"noopener noreferrer\">Discover<\/a><\/div>  <div  class=\"col col-sm-6 col-md-3 space-bottom\">  <h4  class=\"\">Period 4<\/h4> <p  class=\"\">Shadows<\/p> <a class=\"button y-move small color3 square\" href=\"http:\/\/myriambenoliel.com\/index.php\/the-gallery-period-3\/the-gallery-period-4\" target=\"_self\" data-cp-link=\"1\" data-icon=\"\" rel=\"noopener noreferrer\">Discover<\/a><\/div><\/div><\/div> <\/div><div  data-label=\"Portfolio\" data-id=\"portfolio--3\" data-export-id=\"portfolio-6\" data-category=\"portfolio\" class=\"portfolio-6 content-section content-section-spacing\" id=\"portfolio-3\" style=\"background-color: rgb(255, 255, 255);\"><div  class=\"gridContainer\"> <div  class=\"row text-center\"><div  class=\"section-title-col\" data-type=\"column\">  <\/div> <\/div> <div  class=\"row space-bottom spaced-cols center-sm\" data-type=\"row\"> <div  class=\"col-xs-12 col-sm-4 text-center col-md-4 \"> <div  class=\"card no-padding \"> <div  data-hover-fx=\"portfolio-5\" class=\"contentswap-effect\"> <div  class=\"initial-image\"> <img  data-size=\"500x333\" src=\"http:\/\/myriambenoliel.com\/wp-content\/uploads\/2021\/05\/Melody-of-a-dream-scaled.jpg\"><\/div> <div  class=\"overlay bg-color6\"><\/div> <div  class=\"swap-inner col-xs-12\"> <div  class=\"row full-height-row middle-xs middle-sm\"> <div  class=\"col-xs-12 text-center content-holder\"> <a href=\"http:\/\/myriambenoliel.com\/wp-content\/uploads\/2021\/05\/Melody-of-a-dream-scaled.jpg\" target=\"lightbox\" rel=\"noopener noreferrer\" class=\"\"><i  class=\"fa icon portfolio-icon fa-search big color3\" aria-hidden=\"true\"><\/i><\/a><\/div> <\/div><\/div> <\/div> <div  class=\"space-bottom space-top col-xs-12\" data-type=\"column\"> <h4  class=\"\"><span  style=\"font-weight: 600;\">Melody of a dream<\/span><\/h4> <p  class=\"small italic\" style=\"text-align: justify;\">Instant onirique transportant vers un imaginaire m\u00e9langeant le pass\u00e9, le pr\u00e9sent r\u00e9el et l\u2019\u00e9coute du pr\u00e9monitoire. 90 x 90cm<\/p><\/div> <\/div><\/div>   <div  class=\"col-xs-12 col-sm-4 text-center col-md-4 \"> <div  class=\"card no-padding \"> <div  data-hover-fx=\"portfolio-5\" class=\"contentswap-effect\"> <div  class=\"initial-image\"> <img  data-size=\"500x333\" src=\"http:\/\/myriambenoliel.com\/wp-content\/uploads\/2022\/03\/Whisper.jpg\"><\/div> <div  class=\"overlay bg-color6\"><\/div> <div  class=\"swap-inner col-xs-12\"> <div  class=\"row full-height-row middle-xs middle-sm\"> <div  class=\"col-xs-12 text-center content-holder\"> <a href=\"http:\/\/myriambenoliel.com\/wp-content\/uploads\/2022\/03\/Whisper.jpg\" target=\"lightbox\" rel=\"noopener noreferrer\" class=\"\"><i  class=\"fa icon portfolio-icon fa-search big color3\" aria-hidden=\"true\"><\/i><\/a><\/div> <\/div><\/div> <\/div> <div  class=\"space-bottom space-top col-xs-12\" data-type=\"column\"> <h4  class=\"\"><span  style=\"font-weight: 600;\">Whisper Of Harmony<\/span><\/h4> <p  class=\"small italic\" style=\"text-align: justify;\">\u00c9quilibre entre \u00e9motions \/ pens\u00e9es \/ corps. Symbiose entre le monde int\u00e9rieur et l\u2019ext\u00e9rieur. 90 x 90cm<\/p><\/div> <\/div><\/div><div  class=\"col-xs-12 col-sm-4 text-center col-md-4 \"> <div  class=\"card no-padding \"> <div  data-hover-fx=\"portfolio-5\" class=\"contentswap-effect\"> <div  class=\"initial-image\"> <img  data-size=\"500x333\" src=\"http:\/\/myriambenoliel.com\/wp-content\/uploads\/2021\/05\/Symphony-high-on-a-cloud--scaled.jpg\"><\/div> <div  class=\"overlay bg-color6\"><\/div> <div  class=\"swap-inner col-xs-12\"> <div  class=\"row full-height-row middle-xs middle-sm\"> <div  class=\"col-xs-12 text-center content-holder\"> <a href=\"http:\/\/myriambenoliel.com\/wp-content\/uploads\/2021\/05\/Symphony-high-on-a-cloud--scaled.jpg\" target=\"lightbox\" rel=\"noopener noreferrer\" class=\"\"><i  class=\"fa icon portfolio-icon fa-search big color3\" aria-hidden=\"true\"><\/i><\/a><\/div> <\/div><\/div> <\/div> <div  class=\"space-bottom space-top col-xs-12\" data-type=\"column\"> <h4  class=\"\"><span  style=\"font-weight: 600;\">Symphony high on a cloud<\/span><\/h4> <p  class=\"small italic\" style=\"text-align: justify;\">La musique, variations de pression des ondes sonores se propageant dans l\u2019air de l\u2019atmosph\u00e8re. 90 x 90cm<\/p><\/div> <\/div><\/div><div  class=\"col-xs-12 col-sm-4 text-center col-md-4 \"> <div  class=\"card no-padding \"> <div  data-hover-fx=\"portfolio-5\" class=\"contentswap-effect\"> <div  class=\"initial-image\"> <img  data-size=\"500x333\" src=\"http:\/\/myriambenoliel.com\/wp-content\/uploads\/2021\/05\/Song-of-the-void-scaled.jpg\"><\/div> <div  class=\"overlay bg-color6\"><\/div> <div  class=\"swap-inner col-xs-12\"> <div  class=\"row full-height-row middle-xs middle-sm\"> <div  class=\"col-xs-12 text-center content-holder\"> <a href=\"http:\/\/myriambenoliel.com\/wp-content\/uploads\/2021\/05\/Song-of-the-void-scaled.jpg\" target=\"lightbox\" rel=\"noopener noreferrer\" class=\"\"><i  class=\"fa icon portfolio-icon fa-search big color3\" aria-hidden=\"true\"><\/i><\/a><\/div> <\/div><\/div> <\/div> <div  class=\"space-bottom space-top col-xs-12\" data-type=\"column\"> <h4  class=\"\"><span  style=\"font-weight: 600;\">Song of the void<\/span><\/h4> <p  class=\"small italic\" style=\"text-align: justify;\">Suite \u00e0 la disparition de l\u2019atmosph\u00e8re, tout s\u2019\u00e9vanouit et devient vide et silence, except\u00e9 quelques variations du sol. 90 x 90cm<\/p><\/div> <\/div><\/div><div  class=\"col-xs-12 col-sm-4 text-center col-md-4 \"> <div  class=\"card no-padding \"> <div  data-hover-fx=\"portfolio-5\" class=\"contentswap-effect\"> <div  class=\"initial-image\"> <img  data-size=\"500x333\" src=\"http:\/\/myriambenoliel.com\/wp-content\/uploads\/2021\/05\/Sound-of-silence-scaled.jpg\"><\/div> <div  class=\"overlay bg-color6\"><\/div> <div  class=\"swap-inner col-xs-12\"> <div  class=\"row full-height-row middle-xs middle-sm\"> <div  class=\"col-xs-12 text-center content-holder\"> <a href=\"http:\/\/myriambenoliel.com\/wp-content\/uploads\/2021\/05\/Sound-of-silence-scaled.jpg\" target=\"lightbox\" rel=\"noopener noreferrer\" class=\"\"><i  class=\"fa icon portfolio-icon fa-search big color3\" aria-hidden=\"true\"><\/i><\/a><\/div> <\/div><\/div> <\/div> <div  class=\"space-bottom space-top col-xs-12\" data-type=\"column\"> <h4  class=\"\"><span  style=\"font-weight: 600;\">Sound of Silence<\/span><\/h4> <p  class=\"small italic\" style=\"text-align: justify;\">Un sifflement inaudible, perceptible dans un silence total. 90 x 90cm<\/p><\/div> <\/div><\/div><div  class=\"col-xs-12 col-sm-4 text-center col-md-4\"> <div  class=\"card no-padding \"> <div  data-hover-fx=\"portfolio-5\" class=\"contentswap-effect\"> <div  class=\"initial-image\"> <img  data-size=\"500x333\" src=\"http:\/\/myriambenoliel.com\/wp-content\/uploads\/2021\/05\/Constellation-du-Scorpion.jpg\"><\/div> <div  class=\"overlay bg-color6\"><\/div> <div  class=\"swap-inner col-xs-12\"> <div  class=\"row full-height-row middle-xs middle-sm\"> <div  class=\"col-xs-12 text-center content-holder\"> <a href=\"http:\/\/myriambenoliel.com\/wp-content\/uploads\/2021\/05\/Constellation-du-Scorpion.jpg\" target=\"lightbox\" rel=\"noopener noreferrer\" class=\"\"><i  class=\"fa icon portfolio-icon fa-search big color3\" aria-hidden=\"true\"><\/i><\/a><\/div> <\/div><\/div> <\/div> <div  class=\"space-bottom space-top col-xs-12\" data-type=\"column\"> <h4  class=\"\"><span  style=\"font-weight: 600;\">Echo<\/span><\/h4> <p  class=\"small italic\" style=\"text-align: justify;\">Une onde s\u2019estompant, ne laissant qu\u2019une empreinte. 90cmx90cm\r\n<\/p><\/div> <\/div><\/div><\/div> <div  class=\"row\"> <div  data-type=\"column\" class=\"col-xs-12 text-center\"> <\/div> <\/div><\/div> <\/div><div  data-label=\"Portfolio\" data-id=\"portfolio--4\" data-export-id=\"portfolio-6\" data-category=\"portfolio\" class=\"portfolio-6 content-section content-section-spacing\" id=\"portfolio-4\" style=\"background-color: rgb(255, 255, 255); background-image: none;\"><div  class=\"gridContainer\"> <div  class=\"row text-center\"><div  class=\"section-title-col\" data-type=\"column\">  <\/div> <\/div> <div  class=\"row space-bottom spaced-cols center-sm\" data-type=\"row\"> <div  class=\"col-xs-12 col-sm-4 text-center col-md-4 \"> <div  class=\"card no-padding \"> <div  data-hover-fx=\"portfolio-5\" class=\"contentswap-effect\"> <div  class=\"initial-image\"> <img  data-size=\"500x333\" src=\"http:\/\/myriambenoliel.com\/wp-content\/uploads\/2022\/03\/Icy-Depth.jpg\"><\/div> <div  class=\"overlay bg-color6\"><\/div> <div  class=\"swap-inner col-xs-12\"> <div  class=\"row full-height-row middle-xs middle-sm\"> <div  class=\"col-xs-12 text-center content-holder\"> <a href=\"http:\/\/myriambenoliel.com\/wp-content\/uploads\/2022\/03\/Icy-Depth.jpg\" target=\"lightbox\" rel=\"noopener noreferrer\" class=\"\"><i  class=\"fa icon portfolio-icon fa-search big color3\" aria-hidden=\"true\"><\/i><\/a><\/div> <\/div><\/div> <\/div> <div  class=\"space-bottom space-top col-xs-12\" data-type=\"column\"> <h4  class=\"\"><span  style=\"font-weight: 600;\">Icy Depth<\/span><\/h4> <p  class=\"small italic\" style=\"text-align: justify;\">Entrailles de glace enfouissant des secrets pal\u00e9oclimatiques, et crissant sous le poids de centaines de milliers d\u2019ann\u00e9es. Diptyque 90 x 180cm<\/p><\/div> <\/div><\/div> <div  class=\"col-xs-12 col-sm-4 text-center col-md-4 \"><div  class=\"card no-padding \"> <div  data-hover-fx=\"portfolio-5\" class=\"contentswap-effect\"><div  class=\"initial-image\"> <img  data-size=\"500x333\" src=\"http:\/\/myriambenoliel.com\/wp-content\/uploads\/2021\/05\/Wandering-on-the-Earth-scaled.jpg\"><\/div> <div  class=\"overlay bg-color6\"><\/div> <div  class=\"swap-inner col-xs-12\"> <div  class=\"row full-height-row middle-xs middle-sm\"> <div  class=\"col-xs-12 text-center content-holder\"> <a href=\"http:\/\/myriambenoliel.com\/wp-content\/uploads\/2021\/05\/Wandering-on-the-Earth-scaled.jpg\" target=\"lightbox\" rel=\"noopener noreferrer\" class=\"\"><i  class=\"fa icon portfolio-icon fa-search big color3\" aria-hidden=\"true\"><\/i><\/a><\/div> <\/div><\/div> <\/div> <div  class=\"space-bottom space-top col-xs-12\" data-type=\"column\"> <h4  class=\"\"><span  style=\"font-weight: 600;\">Wandering on the Earth<\/span><\/h4> <p  class=\"small italic\" style=\"text-align: justify;\">Des \u00e2mes errantes vagabondant sur un plan terrestre, tel le souffle d\u2019un battement d\u2019ailes . Diptyque 90 x 180cm\r\n<\/p><\/div> <\/div><\/div>  <div  class=\"col-xs-12 col-sm-4 text-center col-md-4\"> <div  class=\"card no-padding \"> <div  data-hover-fx=\"portfolio-5\" class=\"contentswap-effect\"> <div  class=\"initial-image\"> <img  data-size=\"500x333\" src=\"http:\/\/myriambenoliel.com\/wp-content\/uploads\/2021\/05\/magnetism-scaled.jpg\"><\/div> <div  class=\"overlay bg-color6\"><\/div> <div  class=\"swap-inner col-xs-12\"> <div  class=\"row full-height-row middle-xs middle-sm\"> <div  class=\"col-xs-12 text-center content-holder\"> <a href=\"http:\/\/myriambenoliel.com\/wp-content\/uploads\/2021\/05\/magnetism-scaled.jpg\" target=\"lightbox\" rel=\"noopener noreferrer\" class=\"\"><i  class=\"fa icon portfolio-icon fa-search big color3\" aria-hidden=\"true\"><\/i><\/a><\/div> <\/div><\/div> <\/div> <div  class=\"space-bottom space-top col-xs-12\" data-type=\"column\"> <h4  class=\"\"><span  style=\"font-weight: 600;\">Ondes magn\u00e9tiques<\/span><\/h4> <p  class=\"small italic\" style=\"text-align: justify;\">Telle une R\u00e9sonnance d\u2019ondes se diffusant dans le vide.&nbsp;Diptyque 120x180cm<\/p><\/div> <\/div><\/div><\/div> <div  class=\"row\"> <div  data-type=\"column\" class=\"col-xs-12 text-center\"> <\/div> <\/div><\/div> <\/div>","protected":false},"excerpt":{"rendered":"<p>Period 1 La t\u00eate dans les \u00e9toiles Discover Period 2 Conscience Discover &nbsp;\u2013 Period 3 \u2013 Sound Discover Period 4 Shadows Discover Melody of a dream Instant onirique transportant vers un imaginaire m\u00e9langeant le pass\u00e9, le pr\u00e9sent r\u00e9el et l\u2019\u00e9coute du pr\u00e9monitoire. 90 x 90cm Whisper Of Harmony \u00c9quilibre entre \u00e9motions \/ pens\u00e9es \/ corps.&hellip; <br \/> <a class=\"read-more\" href=\"http:\/\/myriambenoliel.com\/index.php\/the-gallery-period-3\/\">Read more<\/a><\/p>\n","protected":false},"author":1,"featured_media":0,"parent":0,"menu_order":0,"comment_status":"closed","ping_status":"closed","template":"pro\/page-templates\/full-width-page.php","meta":[],"featured_image_urls":{"full":"","thumbnail":"","medium":"","medium_large":"","large":"","1536x1536":"","2048x2048":"","maxphotography_806_775":"","maxphotography_86_86":"","maxphotography_870_443":"","maxphotography_66_66":"","maxphotography_75_75":"","maxphotography_322_637":"","maxphotography_370_336":"","maxphotography_100_98":"","maxphotography_1170_700":"","maxphotography_582_500":"","maxphotography_391_381":"","maxphotography_475_968":"","maxphotography_475_480":"","maxphotography_950_480":"","post-thumbnail":"","mesmerize-full-hd":""},"post_excerpt_stackable":"<p>Period 1 La t\u00eate dans les \u00e9toiles Discover Period 2 Conscience Discover &nbsp;\u2013 Period 3 \u2013 Sound Discover Period 4 Shadows Discover Melody of a dream Instant onirique transportant vers un imaginaire m\u00e9langeant le pass\u00e9, le pr\u00e9sent r\u00e9el et l\u2019\u00e9coute du pr\u00e9monitoire. 90 x 90cm Whisper Of Harmony \u00c9quilibre entre \u00e9motions \/ pens\u00e9es \/ corps. Symbiose entre le monde int\u00e9rieur et l\u2019ext\u00e9rieur. 90 x 90cm Symphony high on a cloud La musique, variations de pression des ondes sonores se propageant dans l\u2019air de l\u2019atmosph\u00e8re. 90 x 90cm Song of the void Suite \u00e0 la disparition de l\u2019atmosph\u00e8re, tout s\u2019\u00e9vanouit et\u2026<\/p>\n","category_list":"","author_info":{"name":"myriamy","url":"http:\/\/myriambenoliel.com\/index.php\/author\/myriamy\/"},"comments_num":"0 comments","yoast_head":"<!-- This site is optimized with the Yoast SEO plugin v18.5.1 - https:\/\/yoast.com\/wordpress\/plugins\/seo\/ -->\n<title>The gallery - Period 3 - Myriam Benoliel, Abstract Painter<\/title>\n<meta name=\"description\" content=\"Myriam Benoliel, the Gallery, Abstract painter based in Paris, France.\" \/>\n<meta name=\"robots\" content=\"index, follow, max-snippet:-1, max-image-preview:large, max-video-preview:-1\" \/>\n<link rel=\"canonical\" href=\"http:\/\/myriambenoliel.com\/index.php\/the-gallery-period-3\/\" \/>\n<meta property=\"og:locale\" content=\"fr_FR\" \/>\n<meta property=\"og:type\" content=\"article\" \/>\n<meta property=\"og:title\" content=\"The gallery - Period 3 - Myriam Benoliel, Abstract Painter\" \/>\n<meta property=\"og:description\" content=\"Myriam Benoliel, the Gallery, Abstract painter based in Paris, France.\" \/>\n<meta property=\"og:url\" content=\"http:\/\/myriambenoliel.com\/index.php\/the-gallery-period-3\/\" \/>\n<meta property=\"og:site_name\" content=\"Myriam Benoliel, Abstract Painter\" \/>\n<meta property=\"article:modified_time\" content=\"2022-04-07T14:26:55+00:00\" \/>\n<meta property=\"og:image\" content=\"http:\/\/myriambenoliel.com\/wp-content\/uploads\/2021\/05\/Melody-of-a-dream-scaled.jpg\" \/>\n<meta name=\"twitter:card\" content=\"summary_large_image\" \/>\n<meta name=\"twitter:label1\" content=\"Dur\u00e9e de lecture estim\u00e9e\" \/>\n\t<meta name=\"twitter:data1\" content=\"1 minute\" \/>\n<script type=\"application\/ld+json\" class=\"yoast-schema-graph\">{\"@context\":\"https:\/\/schema.org\",\"@graph\":[{\"@type\":\"WebSite\",\"@id\":\"http:\/\/myriambenoliel.com\/#website\",\"url\":\"http:\/\/myriambenoliel.com\/\",\"name\":\"Myriam Benoliel, Abstract Painter\",\"description\":\"Abstract Painter\",\"potentialAction\":[{\"@type\":\"SearchAction\",\"target\":{\"@type\":\"EntryPoint\",\"urlTemplate\":\"http:\/\/myriambenoliel.com\/?s={search_term_string}\"},\"query-input\":\"required name=search_term_string\"}],\"inLanguage\":\"fr-FR\"},{\"@type\":\"ImageObject\",\"@id\":\"http:\/\/myriambenoliel.com\/index.php\/the-gallery-period-3\/#primaryimage\",\"inLanguage\":\"fr-FR\",\"url\":\"http:\/\/myriambenoliel.com\/wp-content\/uploads\/2021\/05\/Melody-of-a-dream-scaled.jpg\",\"contentUrl\":\"http:\/\/myriambenoliel.com\/wp-content\/uploads\/2021\/05\/Melody-of-a-dream-scaled.jpg\",\"width\":2560,\"height\":2560},{\"@type\":\"WebPage\",\"@id\":\"http:\/\/myriambenoliel.com\/index.php\/the-gallery-period-3\/#webpage\",\"url\":\"http:\/\/myriambenoliel.com\/index.php\/the-gallery-period-3\/\",\"name\":\"The gallery - Period 3 - Myriam Benoliel, Abstract Painter\",\"isPartOf\":{\"@id\":\"http:\/\/myriambenoliel.com\/#website\"},\"primaryImageOfPage\":{\"@id\":\"http:\/\/myriambenoliel.com\/index.php\/the-gallery-period-3\/#primaryimage\"},\"datePublished\":\"2022-03-12T17:41:02+00:00\",\"dateModified\":\"2022-04-07T14:26:55+00:00\",\"description\":\"Myriam Benoliel, the Gallery, Abstract painter based in Paris, France.\",\"breadcrumb\":{\"@id\":\"http:\/\/myriambenoliel.com\/index.php\/the-gallery-period-3\/#breadcrumb\"},\"inLanguage\":\"fr-FR\",\"potentialAction\":[{\"@type\":\"ReadAction\",\"target\":[\"http:\/\/myriambenoliel.com\/index.php\/the-gallery-period-3\/\"]}]},{\"@type\":\"BreadcrumbList\",\"@id\":\"http:\/\/myriambenoliel.com\/index.php\/the-gallery-period-3\/#breadcrumb\",\"itemListElement\":[{\"@type\":\"ListItem\",\"position\":1,\"name\":\"Accueil\",\"item\":\"http:\/\/myriambenoliel.com\/\"},{\"@type\":\"ListItem\",\"position\":2,\"name\":\"The gallery &#8211; Period 3\"}]}]}<\/script>\n<!-- \/ Yoast SEO plugin. -->","yoast_head_json":{"title":"The gallery - Period 3 - Myriam Benoliel, Abstract Painter","description":"Myriam Benoliel, the Gallery, Abstract painter based in Paris, France.","robots":{"index":"index","follow":"follow","max-snippet":"max-snippet:-1","max-image-preview":"max-image-preview:large","max-video-preview":"max-video-preview:-1"},"canonical":"http:\/\/myriambenoliel.com\/index.php\/the-gallery-period-3\/","og_locale":"fr_FR","og_type":"article","og_title":"The gallery - Period 3 - Myriam Benoliel, Abstract Painter","og_description":"Myriam Benoliel, the Gallery, Abstract painter based in Paris, France.","og_url":"http:\/\/myriambenoliel.com\/index.php\/the-gallery-period-3\/","og_site_name":"Myriam Benoliel, Abstract Painter","article_modified_time":"2022-04-07T14:26:55+00:00","og_image":[{"url":"http:\/\/myriambenoliel.com\/wp-content\/uploads\/2021\/05\/Melody-of-a-dream-scaled.jpg"}],"twitter_card":"summary_large_image","twitter_misc":{"Dur\u00e9e de lecture estim\u00e9e":"1 minute"},"schema":{"@context":"https:\/\/schema.org","@graph":[{"@type":"WebSite","@id":"http:\/\/myriambenoliel.com\/#website","url":"http:\/\/myriambenoliel.com\/","name":"Myriam Benoliel, Abstract Painter","description":"Abstract Painter","potentialAction":[{"@type":"SearchAction","target":{"@type":"EntryPoint","urlTemplate":"http:\/\/myriambenoliel.com\/?s={search_term_string}"},"query-input":"required name=search_term_string"}],"inLanguage":"fr-FR"},{"@type":"ImageObject","@id":"http:\/\/myriambenoliel.com\/index.php\/the-gallery-period-3\/#primaryimage","inLanguage":"fr-FR","url":"http:\/\/myriambenoliel.com\/wp-content\/uploads\/2021\/05\/Melody-of-a-dream-scaled.jpg","contentUrl":"http:\/\/myriambenoliel.com\/wp-content\/uploads\/2021\/05\/Melody-of-a-dream-scaled.jpg","width":2560,"height":2560},{"@type":"WebPage","@id":"http:\/\/myriambenoliel.com\/index.php\/the-gallery-period-3\/#webpage","url":"http:\/\/myriambenoliel.com\/index.php\/the-gallery-period-3\/","name":"The gallery - Period 3 - Myriam Benoliel, Abstract Painter","isPartOf":{"@id":"http:\/\/myriambenoliel.com\/#website"},"primaryImageOfPage":{"@id":"http:\/\/myriambenoliel.com\/index.php\/the-gallery-period-3\/#primaryimage"},"datePublished":"2022-03-12T17:41:02+00:00","dateModified":"2022-04-07T14:26:55+00:00","description":"Myriam Benoliel, the Gallery, Abstract painter based in Paris, France.","breadcrumb":{"@id":"http:\/\/myriambenoliel.com\/index.php\/the-gallery-period-3\/#breadcrumb"},"inLanguage":"fr-FR","potentialAction":[{"@type":"ReadAction","target":["http:\/\/myriambenoliel.com\/index.php\/the-gallery-period-3\/"]}]},{"@type":"BreadcrumbList","@id":"http:\/\/myriambenoliel.com\/index.php\/the-gallery-period-3\/#breadcrumb","itemListElement":[{"@type":"ListItem","position":1,"name":"Accueil","item":"http:\/\/myriambenoliel.com\/"},{"@type":"ListItem","position":2,"name":"The gallery &#8211; Period 3"}]}]}},"_links":{"self":[{"href":"http:\/\/myriambenoliel.com\/index.php\/wp-json\/wp\/v2\/pages\/1022"}],"collection":[{"href":"http:\/\/myriambenoliel.com\/index.php\/wp-json\/wp\/v2\/pages"}],"about":[{"href":"http:\/\/myriambenoliel.com\/index.php\/wp-json\/wp\/v2\/types\/page"}],"author":[{"embeddable":true,"href":"http:\/\/myriambenoliel.com\/index.php\/wp-json\/wp\/v2\/users\/1"}],"replies":[{"embeddable":true,"href":"http:\/\/myriambenoliel.com\/index.php\/wp-json\/wp\/v2\/comments?post=1022"}],"version-history":[{"count":20,"href":"http:\/\/myriambenoliel.com\/index.php\/wp-json\/wp\/v2\/pages\/1022\/revisions"}],"predecessor-version":[{"id":1205,"href":"http:\/\/myriambenoliel.com\/index.php\/wp-json\/wp\/v2\/pages\/1022\/revisions\/1205"}],"wp:attachment":[{"href":"http:\/\/myriambenoliel.com\/index.php\/wp-json\/wp\/v2\/media?parent=1022"}],"curies":[{"name":"wp","href":"https:\/\/api.w.org\/{rel}","templated":true}]}}